{"id":138,"date":"2014-11-24T04:56:55","date_gmt":"2014-11-24T03:56:55","guid":{"rendered":"http:\/\/demo.themegrill.com\/spacious\/?page_id=138"},"modified":"2022-11-17T11:09:34","modified_gmt":"2022-11-17T10:09:34","slug":"equipas","status":"publish","type":"page","link":"https:\/\/laboratorio3p.web.ua.pt\/index.php\/front-page\/equipas","title":{"rendered":"<strong>Equipa<\/strong>"},"content":{"rendered":"<h2><b>GRUPO ESPA\u00c7O P\u00daBLICO, MOBILIDADE E PARTICIPA\u00c7\u00c3O<\/b><\/h2>\n<p>&nbsp;<\/p>\n<p><img loading=\"lazy\" decoding=\"async\" class=\"alignnone size-medium wp-image-2935\" src=\"https:\/\/laboratorio3p.web.ua.pt\/wp-content\/uploads\/2022\/06\/JCM2022-221x300.jpeg\" alt=\"Jos\u00e9 Carlos Mota\" width=\"221\" height=\"300\" srcset=\"https:\/\/laboratorio3p.web.ua.pt\/wp-content\/uploads\/2022\/06\/JCM2022-221x300.jpeg 221w, https:\/\/laboratorio3p.web.ua.pt\/wp-content\/uploads\/2022\/06\/JCM2022-754x1024.jpeg 754w, https:\/\/laboratorio3p.web.ua.pt\/wp-content\/uploads\/2022\/06\/JCM2022-768x1043.jpeg 768w, https:\/\/laboratorio3p.web.ua.pt\/wp-content\/uploads\/2022\/06\/JCM2022.jpeg 828w\" sizes=\"(max-width: 221px) 100vw, 221px\" \/><\/p>\n<p><b>Jos\u00e9 Mota &#8211;\u00a0<a href=\"jcmota@ua.pt\">jcmota@ua.pt<\/a><\/b><\/p>\n<p><b>Coordenador<\/b><\/p>\n<p><b>Urbanista, Investigador e Professor<\/b><\/p>\n<p><span style=\"font-weight: 400;\">Professor Auxiliar do Departamento de Ci\u00eancias Sociais, Pol\u00edticas e Territoriais da Universidade de Aveiro e investigador do GOVCOPP. Foi o Diretor do Mestrado em Planeamento Urbano e Regional (2016-2020). Tem estado envolvido em v\u00e1rios projetos de investiga\u00e7\u00e3o nacionais e internacionais sobre planeamento participativo de base territorial e coordenou, no \u00e2mbito do Laborat\u00f3rio de Planeamento e Pol\u00edticas P\u00fablicas, os processos colaborativos desenvolvidos no \u00e2mbito dos Planos de Gest\u00e3o das Paisagens Protegidas do Parque das Serras do Porto e do Sousa Superior, dos Planos Diretores Municipais\u00a0 da Maia, Valongo e Vila Nova de Gaia e do Laborat\u00f3rio C\u00edvico de Santiago. Paralelamente, participa em projetos de investiga\u00e7\u00e3o no dom\u00ednio da mobilidade em bicicleta, nomeadamente o BOOST Starter Cycling Cities e o UAUBIKE. Tem vindo a dinamizar v\u00e1rias iniciativas c\u00edvicas em prol das cidades e da cidadania (Vamos recuperar o patrim\u00f3nio esquecido (2020), Futuros alternativos (2020), Vizinhos de Aveiro (2020), ABC da Rua (2019-2020), Compromisso Cidade (2021-2022).<\/span><\/p>\n<p>&nbsp;<\/p>\n<p style=\"text-align: left;\"><img loading=\"lazy\" decoding=\"async\" src=\"https:\/\/laboratorio3p.web.ua.pt\/wp-content\/uploads\/2020\/08\/FNogueira3-300x300.png\" alt=\"\" width=\"300\" height=\"300\" \/><\/p>\n<p style=\"text-align: left;\"><b style=\"color: var( --e-global-color-text ); font-family: var( --e-global-typography-text-font-family ); font-size: var( --e-global-typography-text-font-size ); font-style: var( --e-global-typography-text-font-style ); letter-spacing: var( --e-global-typography-text-letter-spacing ); text-transform: var( --e-global-typography-text-text-transform );\">Fernando Nogueira &#8211;\u00a0<a href=\"f.nogueira@ua.pt\">f.nogueira@ua.pt<\/a><\/b><\/p>\n<p style=\"text-align: left;\"><strong>Urbanista, Investigador e Professor<\/strong><\/p>\n<p><span style=\"font-weight: 400;\">Doutor em Ci\u00eancias Sociais pela Universidade de Aveiro, mestre em Engenharia Urbana \/ Engenharia Civil pela Universidade de Coimbra e licenciado em Planeamento Urbano e Regional pela Universidade de Aveiro. \u00c9 Professor Auxiliar na Universidade de Aveiro, no Departamento de Ci\u00eancias Sociais, Pol\u00edticas e Territoriais e investigador do GOVCOPP e atual Diretor do Mestrado em Planeamento Urbano e Regional. As suas \u00e1reas de investiga\u00e7\u00e3o s\u00e3o: planeamento territorial, participa\u00e7\u00e3o e tomada de decis\u00e3o, estrat\u00e9gias e redes territoriais e governa\u00e7\u00e3o e pol\u00edticas p\u00fablicas. Foi membro e coordenador de v\u00e1rios projetos de coopera\u00e7\u00e3o com autoridades regionais e locais em estudos de desenvolvimento e estrat\u00e9gias territoriais.<\/span><\/p>\n<p>&nbsp;<\/p>\n<p><img loading=\"lazy\" decoding=\"async\" class=\"alignnone size-medium wp-image-2875\" src=\"https:\/\/laboratorio3p.web.ua.pt\/wp-content\/uploads\/2022\/06\/fred-297x300.jpg\" alt=\"Fred\" width=\"297\" height=\"300\" srcset=\"https:\/\/laboratorio3p.web.ua.pt\/wp-content\/uploads\/2022\/06\/fred-297x300.jpg 297w, https:\/\/laboratorio3p.web.ua.pt\/wp-content\/uploads\/2022\/06\/fred-768x777.jpg 768w, https:\/\/laboratorio3p.web.ua.pt\/wp-content\/uploads\/2022\/06\/fred.jpg 777w\" sizes=\"(max-width: 297px) 100vw, 297px\" \/><\/p>\n<p><b>Frederico Moura e S\u00e1 &#8211;\u00a0<a href=\"fredericomsa@ua.pt\">fredericomsa@ua.pt<\/a><\/b><\/p>\n<p><strong>Urbanista, Investigador e Professor<\/strong><\/p>\n<p><span style=\"font-weight: 400;\">Urbanista, Doutor em Arquitectura (FAUP), Mestre em Planeamento do Territ\u00f3rio (UA) e Licenciado em Engenharia Civil, Op\u00e7\u00e3o de Planeamento do Territ\u00f3rio (FEUP). \u00c9 Professor Auxiliar Convidado na Universidade de Aveiro, s\u00f3cio gerente da UEst. Est\u00e1 envolvido em diversos projetos nas \u00e1reas do planeamento urbano e da mobilidade, da reabilita\u00e7\u00e3o urbana e da qualifica\u00e7\u00e3o de espa\u00e7os p\u00fablicos.<\/span><\/p>\n<p>&nbsp;<\/p>\n<p><img loading=\"lazy\" decoding=\"async\" class=\"alignnone size-medium wp-image-2926\" src=\"https:\/\/laboratorio3p.web.ua.pt\/wp-content\/uploads\/2022\/06\/AA_BW_square_2021-300x296.jpg\" alt=\"Alxandra Ata\u00edde\" width=\"300\" height=\"296\" srcset=\"https:\/\/laboratorio3p.web.ua.pt\/wp-content\/uploads\/2022\/06\/AA_BW_square_2021-300x296.jpg 300w, https:\/\/laboratorio3p.web.ua.pt\/wp-content\/uploads\/2022\/06\/AA_BW_square_2021-1024x1012.jpg 1024w, https:\/\/laboratorio3p.web.ua.pt\/wp-content\/uploads\/2022\/06\/AA_BW_square_2021-768x759.jpg 768w, https:\/\/laboratorio3p.web.ua.pt\/wp-content\/uploads\/2022\/06\/AA_BW_square_2021.jpg 1280w\" sizes=\"(max-width: 300px) 100vw, 300px\" \/><\/p>\n<p><b>Alexandra Ata\u00edde &#8211;\u00a0<a href=\"a.ataide@ua.pt\">a.ataide@ua.pt<\/a><\/b><\/p>\n<p><b>Empreendedora social, gestora de projetos de inova\u00e7\u00e3o social e investigadora<\/b><\/p>\n<p><span style=\"font-weight: 400;\">Investigadora no LABIC Aveiro &#8211; Laborat\u00f3rio de Cidadania Intercultural, um projeto financiado pela Portugal Inova\u00e7\u00e3o Social. Empreendedora social e gestora de projetos de inova\u00e7\u00e3o social (Ground_up (2018) e Cidadania Lab (2020). Doutoranda em Educa\u00e7\u00e3o, Psicologia da Educa\u00e7\u00e3o, \u00e9 membro da equipa de investigadores do CIDTFF, Universidade de Aveiro, e est\u00e1 a concluir uma investiga\u00e7\u00e3o-a\u00e7\u00e3o com professores para a resolu\u00e7\u00e3o colaborativa de problemas complexos na comunidade educativa. \u00c9 formadora em \u00e1reas comportamentais como Lideran\u00e7a e Resolu\u00e7\u00e3o Colaborativa de Problemas, Comunica\u00e7\u00e3o N\u00e3o Violenta e Resolu\u00e7\u00e3o de Conflitos, Falar em P\u00fablico e T\u00e9cnicas de Apresenta\u00e7\u00e3o. Licenciada em Ci\u00eancias da Comunica\u00e7\u00e3o, Universidade Nova de Lisboa, trabalhou inicialmente como jornalista na r\u00e1dio e televis\u00e3o e na \u00e1rea da comunica\u00e7\u00e3o organizacional. Desde os 14 anos que tem integrado equipas e projetos nacionais e internacionais de interven\u00e7\u00e3o social e participa\u00e7\u00e3o c\u00edvica. Atualmente \u00e9 membro dos Vizinhos de Aveiro, da IES-SBS, da ESLIDER e da Agora Aveiro.<\/span><\/p>\n<p>&nbsp;<\/p>\n<p><img loading=\"lazy\" decoding=\"async\" class=\"alignnone size-medium wp-image-2941\" src=\"https:\/\/laboratorio3p.web.ua.pt\/wp-content\/uploads\/2022\/06\/angela-1-269x300.jpg\" alt=\"\" width=\"269\" height=\"300\" srcset=\"https:\/\/laboratorio3p.web.ua.pt\/wp-content\/uploads\/2022\/06\/angela-1-269x300.jpg 269w, https:\/\/laboratorio3p.web.ua.pt\/wp-content\/uploads\/2022\/06\/angela-1.jpg 284w\" sizes=\"(max-width: 269px) 100vw, 269px\" \/><\/p>\n<p><strong>\u00c2ngela Curado &#8211; <a href=\"mailto:madc@ua.pt\"><span style=\"font-weight: 400;\">madc@ua.pt<\/span><\/a><\/strong><\/p>\n<p><strong>Arquiteta<\/strong><\/p>\n<p><span style=\"font-weight: 400;\">Mestre em Gest\u00e3o e Pol\u00edticas Ambientais, licenciada em Arquitetura, desempenha fun\u00e7\u00f5es de t\u00e9cnica superior no Departamento de Ci\u00eancias Sociais, Pol\u00edticas e do Territ\u00f3rio da Universidade de Aveiro.<\/span><\/p>\n<p>&nbsp;<\/p>\n<p><img loading=\"lazy\" decoding=\"async\" class=\"alignnone size-medium wp-image-3072\" src=\"https:\/\/laboratorio3p.web.ua.pt\/wp-content\/uploads\/2022\/11\/Foto-L3P-Catarina-Figueiredo-300x269.jpg\" alt=\"\" width=\"300\" height=\"269\" srcset=\"https:\/\/laboratorio3p.web.ua.pt\/wp-content\/uploads\/2022\/11\/Foto-L3P-Catarina-Figueiredo-300x269.jpg 300w, https:\/\/laboratorio3p.web.ua.pt\/wp-content\/uploads\/2022\/11\/Foto-L3P-Catarina-Figueiredo-1024x918.jpg 1024w, https:\/\/laboratorio3p.web.ua.pt\/wp-content\/uploads\/2022\/11\/Foto-L3P-Catarina-Figueiredo-768x689.jpg 768w, https:\/\/laboratorio3p.web.ua.pt\/wp-content\/uploads\/2022\/11\/Foto-L3P-Catarina-Figueiredo-1536x1377.jpg 1536w, https:\/\/laboratorio3p.web.ua.pt\/wp-content\/uploads\/2022\/11\/Foto-L3P-Catarina-Figueiredo.jpg 1789w\" sizes=\"(max-width: 300px) 100vw, 300px\" \/><\/p>\n<p><b>Catarina Figueiredo &#8211;\u00a0<a href=\"catarina.figueiredo@ua.pt\">catarina.figueiredo@ua.pt<\/a><\/b><\/p>\n<p><b>Soci\u00f3loga<\/b><\/p>\n<p>Licenciada em Sociologia pela Faculdade de Letras da Universidade do Porto e estudante de Mestrado em Sociologia pela mesma institui\u00e7\u00e3o. Tem como principais \u00e1reas de interesse a sociologia urbana e do territ\u00f3rio, do trabalho e das migra\u00e7\u00f5es, assim como as metodologias qualitativas e participativas. Colabora com o Laborat\u00f3rio de Planeamento e Pol\u00edticas P\u00fablicas (L3P) da Universidade de Aveiro em investiga\u00e7\u00e3o no \u00e2mbito da participa\u00e7\u00e3o cidad\u00e3.<\/p>\n<p>&nbsp;<\/p>\n<p><img loading=\"lazy\" decoding=\"async\" src=\"https:\/\/laboratorio3p.web.ua.pt\/wp-content\/uploads\/2019\/08\/10616605_560918154039577_1184456916511084587_n-225x300.jpg\" alt=\"\" width=\"235\" height=\"313\" \/><\/p>\n<p><b>Catarina Isidoro &#8211;\u00a0<a href=\"catarina.isidoro@ua.pt\">catarina.isidoro@ua.pt<\/a><\/b><\/p>\n<p><b>Investigadora<\/b><\/p>\n<p>Mestre em Planeamento Regional e Urbano pela Universidade de Aveiro e licenciada em Geografia pela Universidade do Porto. Desenvolve investiga\u00e7\u00e3o na \u00e1rea da mobilidade sustent\u00e1vel e participa\u00e7\u00e3o p\u00fablica no planeamento urbano, colaborando em projetos nacionais e internacionais nas \u00e1reas referidas.<\/p>\n<p>&nbsp;<\/p>\n<p><img loading=\"lazy\" decoding=\"async\" src=\"https:\/\/laboratorio3p.web.ua.pt\/wp-content\/uploads\/2020\/08\/desiree-seixas-298x300.png\" alt=\"\" width=\"298\" height=\"300\" \/><\/p>\n<p style=\"text-align: left;\"><b>Desiree Po\u00e7o Seixas &#8211;\u00a0<a href=\"desiree@ua.pt\">desiree@ua.pt<\/a><\/b><\/p>\n<p style=\"text-align: left;\"><b>Arquiteta e Urbanista<\/b><\/p>\n<p><span style=\"font-weight: 400;\">Arquiteta. Urbanista. Gerente de Projetos. Investigadora. E m\u00e3e.\u00a0<\/span><span style=\"font-weight: 400;\">Formada pela Universidade Federal do Rio de Janeiro e Mestranda em Planeamento Regional e Urbano na Universidade de Aveiro. <\/span><span style=\"font-weight: 400;\">Atualmente desenvolve investiga\u00e7\u00e3o sobre a participa\u00e7\u00e3o cidad\u00e3 na elabora\u00e7\u00e3o de instrumentos de gest\u00e3o territorial, com enfoque no envolvimento de crian\u00e7as e jovens e nos benefi\u0301cios e potencialidades da incorpora\u00e7\u00e3o dessas pr\u00e1ticas.<\/span><\/p>\n<p>&nbsp;<\/p>\n<p><img loading=\"lazy\" decoding=\"async\" class=\"alignnone size-medium wp-image-2878\" src=\"https:\/\/laboratorio3p.web.ua.pt\/wp-content\/uploads\/2022\/06\/Gabi-300x272.jpg\" alt=\"Gabi\" width=\"300\" height=\"272\" srcset=\"https:\/\/laboratorio3p.web.ua.pt\/wp-content\/uploads\/2022\/06\/Gabi-300x272.jpg 300w, https:\/\/laboratorio3p.web.ua.pt\/wp-content\/uploads\/2022\/06\/Gabi.jpg 666w\" sizes=\"(max-width: 300px) 100vw, 300px\" \/><\/p>\n<p><b>Gabriela Cavalcanti &#8211;\u00a0<a href=\"gabrielacavalcanti@ua.pt\">gabrielacavalcanti@ua.pt<\/a><\/b><\/p>\n<p><b>Arquiteta e Urbanista<\/b><\/p>\n<p>Levada por um sonho de crian\u00e7a a ser arquiteta e urbanista, no decorrer da gradua\u00e7\u00e3o viu crescer o interesse pelo estudo das cidades e din\u00e2micas sociais, conforto e possibilidades em espa\u00e7os p\u00fablicos, o que levou a buscar a especializa\u00e7\u00e3o em Reabilita\u00e7\u00e3o Ambiental Sustent\u00e1vel Arquitet\u00f4nica e Urban\u00edstica (Reabilita 9) pela UnB. Atualmente cursa Mestrado em Planejamento Regional e Urbano na Universidade de Aveiro e colabora em pesquisas do Laborat\u00f3rio L3P e na dinamiza\u00e7\u00e3o de processos participativos em revis\u00f5es de Planos Diretores Municipais, al\u00e9m do projecto Biodivercities Valongo. Colabora no projeto Mulheres em Constru\u00e7\u00e3o, promovido pela Associa\u00e7\u00e3o Mulheres na Arquitectura no \u00e2mbito do programa p\u00fablico Bairros Saud\u00e1veis. Paralelamente, mant\u00e9m o olhar atento para estar sempre a fotografar as belezas que encontra por onde passa.<\/p>\n<p>&nbsp;<\/p>\n<p><img loading=\"lazy\" decoding=\"async\" src=\"https:\/\/laboratorio3p.web.ua.pt\/wp-content\/uploads\/2019\/08\/52893085_10211558827241294_6850357036211765248_n-214x300.jpg\" alt=\"\" width=\"214\" height=\"300\" \/><\/p>\n<p><b>Gil Moreira &#8211;\u00a0<a href=\"moreira.gil@ua.pt\">moreira.gil@ua.pt<\/a><\/b><\/p>\n<p><b>Arquiteto e Artista Visual<\/b><\/p>\n<p><span style=\"font-weight: 400;\">Arquiteto, licenciado pela Faculdade de Arquitetura da Universidade do Porto. Participou em equipas pluridisciplinares no desenvolvimento de estudos e projetos nas \u00e1reas da arquitetura e do planeamento, dos quais se destacam edif\u00edcios habitacionais, sociais e de servi\u00e7os, nomeadamente centros de interpreta\u00e7\u00e3o, equipamentos de ensino, departamento universit\u00e1rio, casa de espect\u00e1culos, planos de urbaniza\u00e7\u00e3o, projetos de requalifica\u00e7\u00e3o de espa\u00e7os p\u00fablicos e redes de mobilidade suave. Integra a equipa do Laborat\u00f3rio de Planeamento e Pol\u00edticas P\u00fablicas &#8211; L3P &#8211; da Universidade de Aveiro onde desenvolve investiga\u00e7\u00e3o com base na participa\u00e7\u00e3o cidad\u00e3 em processos de elabora\u00e7\u00e3o de instrumentos de gest\u00e3o territorial, no \u00e2mbito da qual elaborou os objetos visuais &#8220;mapas de mem\u00f3rias&#8221;. Desenvolve tamb\u00e9m trabalho em cinema no \u00e2mbito do desenho conceptual e \u201cstoryboarding\u201d. Desde 2002 participa na organiza\u00e7\u00e3o de movimentos c\u00edvicos com o prop\u00f3sito de intervir na qualifica\u00e7\u00e3o da participa\u00e7\u00e3o de cidad\u00e3os na gest\u00e3o da sua cidade.<\/span><\/p>\n<p>&nbsp;<\/p>\n<p><span style=\"font-weight: 400;\"><img loading=\"lazy\" decoding=\"async\" class=\"alignnone size-medium wp-image-2479\" src=\"https:\/\/laboratorio3p.web.ua.pt\/wp-content\/uploads\/2021\/10\/isa1-297x300.jpg\" alt=\"\" width=\"297\" height=\"300\" srcset=\"https:\/\/laboratorio3p.web.ua.pt\/wp-content\/uploads\/2021\/10\/isa1-297x300.jpg 297w, https:\/\/laboratorio3p.web.ua.pt\/wp-content\/uploads\/2021\/10\/isa1.jpg 594w\" sizes=\"(max-width: 297px) 100vw, 297px\" \/><\/span><\/p>\n<p><b>Isabella Rusconi &#8211;\u00a0<a href=\"isarusconi@gmail.com\">isarusconi@gmail.com<\/a><\/b><\/p>\n<p><b>Arquiteta, Urbanista e Investigadora<\/b><\/p>\n<p><span style=\"font-weight: 400;\">Licenciada pela Faculdade de Arquitetura e Urbanismo da Universidade Mackenzie (S\u00e3o Paulo); Mestre em Planeamento Regional e Urbano na Universidade de Aveiro. Colaborou e desenvolveu v\u00e1rios projetos relacionados com o direito \u00e0 cidade e participa\u00e7\u00e3o social. Desenvolve investiga\u00e7\u00e3o sobre a institucionaliza\u00e7\u00e3o da participa\u00e7\u00e3o social como processo de democratiza\u00e7\u00e3o da gest\u00e3o urbana.<\/span><\/p>\n<p><span style=\"font-weight: 400;\">\u00a0<\/span><\/p>\n<p><span style=\"font-weight: 400;\"> <img loading=\"lazy\" decoding=\"async\" class=\"alignnone size-medium wp-image-2482\" src=\"https:\/\/laboratorio3p.web.ua.pt\/wp-content\/uploads\/2021\/10\/Janaina-Barbosa-254x300.jpg\" alt=\"\" width=\"254\" height=\"300\" srcset=\"https:\/\/laboratorio3p.web.ua.pt\/wp-content\/uploads\/2021\/10\/Janaina-Barbosa-254x300.jpg 254w, https:\/\/laboratorio3p.web.ua.pt\/wp-content\/uploads\/2021\/10\/Janaina-Barbosa.jpg 507w\" sizes=\"(max-width: 254px) 100vw, 254px\" \/><\/span><\/p>\n<p><b>Janaina Barbosa &#8211;\u00a0<a href=\"janaina.teles@ua.pt\">janaina.teles@ua.pt<\/a><\/b><\/p>\n<p><b>Designer e Investigadora<\/b><\/p>\n<p><span style=\"font-weight: 400;\">Doutora em Design pela Universidade de Aveiro; Investigadora associada ao ID+ Instituto de Investiga\u00e7\u00e3o em Design; Mestre em Design pela Universidade do Porto; Licenciada em Ci\u00eancias Sociais (UECE-Brasil) e Artes Visuais (IFCE-Brasil). Desenvolveu projetos gr\u00e1ficos na \u00e1rea da sa\u00fade p\u00fablica, artesanato tradicional e projetos culturais voltados para a inclus\u00e3o social. Desenvolve projetos em design gr\u00e1fico e investiga\u00e7\u00e3o aplicada nos campos da Participa\u00e7\u00e3o e Inova\u00e7\u00e3o Social.<\/span><\/p>\n<p>&nbsp;<\/p>\n<p><img loading=\"lazy\" decoding=\"async\" class=\"size-medium wp-image-2518\" style=\"font-style: inherit; font-weight: bold;\" src=\"https:\/\/laboratorio3p.web.ua.pt\/wp-content\/uploads\/2021\/11\/juliadraghi-280x300.jpeg\" alt=\"JuliaDraghi\" width=\"280\" height=\"300\" srcset=\"https:\/\/laboratorio3p.web.ua.pt\/wp-content\/uploads\/2021\/11\/juliadraghi-280x300.jpeg 280w, https:\/\/laboratorio3p.web.ua.pt\/wp-content\/uploads\/2021\/11\/juliadraghi-768x822.jpeg 768w, https:\/\/laboratorio3p.web.ua.pt\/wp-content\/uploads\/2021\/11\/juliadraghi.jpeg 833w\" sizes=\"(max-width: 280px) 100vw, 280px\" \/><\/p>\n<p><b style=\"font-size: 16px; font-style: inherit;\">Julia Draghi &#8211;\u00a0<a href=\"draghijulia@ua.pt\">draghijulia@ua.pt<\/a><\/b><\/p>\n<p><b>Bi\u00f3loga<\/b><\/p>\n<p>Bi\u00f3loga e mestranda em Planeamento Regional Urbano da Universidade de Aveiro, sempre teve uma facilidade e um gosto muito grande em se comunicar com pessoas de diferentes faixas et\u00e1rias e contextos, com uma atitude pr\u00f3 activa que acaba por envolver-se em iniciativas construtivas, com a tem\u00e1tica c\u00edvica, em diferentes grupos existentes no concelho de Aveiro, como a associa\u00e7\u00e3o Ciclaveiro, o coletivo Casulo e o grupo Vizinhos de Aveiro. Atua em colabora\u00e7\u00e3o com o L3P nos processos participativos municipais e em projetos\u00a0 europeus sobre Biodiversidade Urbana. Tamb\u00e9m possui uma paix\u00e3o pelas artes, cultura em geral e para o mundo da educa\u00e7\u00e3o l\u00fadica infantil.<\/p>\n<p>&nbsp;<\/p>\n<p><img loading=\"lazy\" decoding=\"async\" class=\"alignnone size-medium wp-image-2821\" src=\"https:\/\/laboratorio3p.web.ua.pt\/wp-content\/uploads\/2022\/03\/liviaoliva2-227x300.jpeg\" alt=\"Livia Oliva\" width=\"227\" height=\"300\" srcset=\"https:\/\/laboratorio3p.web.ua.pt\/wp-content\/uploads\/2022\/03\/liviaoliva2-227x300.jpeg 227w, https:\/\/laboratorio3p.web.ua.pt\/wp-content\/uploads\/2022\/03\/liviaoliva2-774x1024.jpeg 774w, https:\/\/laboratorio3p.web.ua.pt\/wp-content\/uploads\/2022\/03\/liviaoliva2-768x1016.jpeg 768w, https:\/\/laboratorio3p.web.ua.pt\/wp-content\/uploads\/2022\/03\/liviaoliva2-1161x1536.jpeg 1161w, https:\/\/laboratorio3p.web.ua.pt\/wp-content\/uploads\/2022\/03\/liviaoliva2.jpeg 1266w\" sizes=\"(max-width: 227px) 100vw, 227px\" \/><\/p>\n<p><b>L\u00edvia Oliva &#8211;\u00a0<a href=\"liviaoliva@ua.pt\">liviaoliva@ua.pt<\/a><\/b><\/p>\n<p><b>Arquiteta e Urbanista<\/b><\/p>\n<p><span style=\"font-weight: 400;\">Arquiteta Urbanista graduada pela Universidade Federal Fluminense e mestre em Planeamento Regional e Urbano pela Universidade de Aveiro. Sempre apaixonada pela cidade, por suas din\u00e2micas e por suas transforma\u00e7\u00f5es.\u00a0 Atualmente, diante dos avan\u00e7os tecnol\u00f3gicos, desenvolve investiga\u00e7\u00e3o sobre o uso de atividades digitais em contextos de participa\u00e7\u00e3o p\u00fablica no planeamento do territ\u00f3rio.<\/span><\/p>\n<p>&nbsp;<\/p>\n<p><img loading=\"lazy\" decoding=\"async\" class=\"alignnone size-medium wp-image-2953\" src=\"https:\/\/laboratorio3p.web.ua.pt\/wp-content\/uploads\/2022\/06\/Foto-300x300.jpg\" alt=\"Sofia\" width=\"300\" height=\"300\" srcset=\"https:\/\/laboratorio3p.web.ua.pt\/wp-content\/uploads\/2022\/06\/Foto-300x300.jpg 300w, https:\/\/laboratorio3p.web.ua.pt\/wp-content\/uploads\/2022\/06\/Foto-1024x1024.jpg 1024w, https:\/\/laboratorio3p.web.ua.pt\/wp-content\/uploads\/2022\/06\/Foto-150x150.jpg 150w, https:\/\/laboratorio3p.web.ua.pt\/wp-content\/uploads\/2022\/06\/Foto-768x768.jpg 768w, https:\/\/laboratorio3p.web.ua.pt\/wp-content\/uploads\/2022\/06\/Foto.jpg 1365w\" sizes=\"(max-width: 300px) 100vw, 300px\" \/><\/p>\n<p><b>Sofia Menezes &#8211; <a href=\"sofia.menezes67@ua.pt\">sofia.menezes67@ua.pt<\/a><\/b><\/p>\n<p><b>Urbanista<\/b><b><\/b><\/p>\n<p>Licenciada em Administra\u00e7\u00e3o P\u00fablica, na vertente de Ordenamento do Territ\u00f3rio, e atualmente a terminar o mestrado em Planeamento Regional e Urbano pela Universidade de Aveiro. Atualmente, colabora em parceria com o L3P no \u00e2mbito de projetos associados \u00e0 participa\u00e7\u00e3o cidad\u00e3 e inova\u00e7\u00e3o social.<\/p>\n<p>&nbsp;<\/p>\n<p><img loading=\"lazy\" decoding=\"async\" class=\"alignnone size-medium wp-image-2824\" src=\"https:\/\/laboratorio3p.web.ua.pt\/wp-content\/uploads\/2022\/03\/Thais-Ivo-foto-2-228x300.jpg\" alt=\"Thais Ivo\" width=\"228\" height=\"300\" srcset=\"https:\/\/laboratorio3p.web.ua.pt\/wp-content\/uploads\/2022\/03\/Thais-Ivo-foto-2-228x300.jpg 228w, https:\/\/laboratorio3p.web.ua.pt\/wp-content\/uploads\/2022\/03\/Thais-Ivo-foto-2.jpg 447w\" sizes=\"(max-width: 228px) 100vw, 228px\" \/><\/p>\n<p><b>Tha\u00eds Ivo &#8211;\u00a0<a href=\"thaisivo@ua.pt\">thaisivo@ua.pt<\/a><\/b><\/p>\n<p><b>Engenheira Civil<\/b><\/p>\n<p><span style=\"font-weight: 400;\">Engenheira Civil e mestranda em Desenvolvimento e Sociedade pela Universidade Federal de Itajub\u00e1 (UNIFEI). Investigadora do N\u00facleo OFF, na linha de pesquisa em Cidades, Pol\u00edticas P\u00fablicas e Estudos Culturais. Foi pesquisadora do N\u00facleo de Sistemas Urbanos Construtivos e idealizadora do Projeto Parklet de urbanismo t\u00e1tico na cidade de Itajub\u00e1. Foi Diretora Executiva do Festival Integrado de Cultura e Arte (FICA) ativando e ressignificando espa\u00e7os p\u00fablicos com interven\u00e7\u00f5es culturais e art\u00edsticas em cidades do sul de Minas Gerais. Participou como Diretora da Organiza\u00e7\u00e3o Cicloativista Pedala Itajub\u00e1 atuando na \u00e1rea de mobilidade urbana e planeamento urbano.<\/span><\/p>\n<p>&nbsp;<\/p>\n<p>&nbsp;<\/p>\n","protected":false},"excerpt":{"rendered":"<p>GRUPO ESPA\u00c7O P\u00daBLICO, MOBILIDADE E PARTICIPA\u00c7\u00c3O &nbsp; Jos\u00e9 Mota &#8211;\u00a0jcmota@ua.pt Coordenador Urbanista, Investigador e Professor Professor Auxiliar do Departamento de Ci\u00eancias Sociais, Pol\u00edticas e Territoriais da Universidade de Aveiro e investigador do GOVCOPP. Foi o Diretor do Mestrado em Planeamento Urbano e Regional (2016-2020). Tem estado envolvido em v\u00e1rios projetos de investiga\u00e7\u00e3o nacionais e internacionais [&hellip;]<\/p>\n","protected":false},"author":3,"featured_media":0,"parent":1352,"menu_order":0,"comment_status":"closed","ping_status":"closed","template":"","meta":{"footnotes":""},"_links":{"self":[{"href":"https:\/\/laboratorio3p.web.ua.pt\/index.php\/wp-json\/wp\/v2\/pages\/138"}],"collection":[{"href":"https:\/\/laboratorio3p.web.ua.pt\/index.php\/wp-json\/wp\/v2\/pages"}],"about":[{"href":"https:\/\/laboratorio3p.web.ua.pt\/index.php\/wp-json\/wp\/v2\/types\/page"}],"author":[{"embeddable":true,"href":"https:\/\/laboratorio3p.web.ua.pt\/index.php\/wp-json\/wp\/v2\/users\/3"}],"replies":[{"embeddable":true,"href":"https:\/\/laboratorio3p.web.ua.pt\/index.php\/wp-json\/wp\/v2\/comments?post=138"}],"version-history":[{"count":29,"href":"https:\/\/laboratorio3p.web.ua.pt\/index.php\/wp-json\/wp\/v2\/pages\/138\/revisions"}],"predecessor-version":[{"id":3075,"href":"https:\/\/laboratorio3p.web.ua.pt\/index.php\/wp-json\/wp\/v2\/pages\/138\/revisions\/3075"}],"up":[{"embeddable":true,"href":"https:\/\/laboratorio3p.web.ua.pt\/index.php\/wp-json\/wp\/v2\/pages\/1352"}],"wp:attachment":[{"href":"https:\/\/laboratorio3p.web.ua.pt\/index.php\/wp-json\/wp\/v2\/media?parent=138"}],"curies":[{"name":"wp","href":"https:\/\/api.w.org\/{rel}","templated":true}]}}