{"id":1848,"date":"2021-08-23T10:57:19","date_gmt":"2021-08-23T09:57:19","guid":{"rendered":"http:\/\/laboratorio3p.web.ua.pt\/?page_id=1848"},"modified":"2024-04-19T15:06:16","modified_gmt":"2024-04-19T14:06:16","slug":"concluidos","status":"publish","type":"page","link":"https:\/\/laboratorio3p.web.ua.pt\/index.php\/projetos\/concluidos","title":{"rendered":"Conclu\u00eddos"},"content":{"rendered":"<div id='gallery-1' class='gallery galleryid-1848 gallery-columns-3 gallery-size-medium'><figure class='gallery-item'>\n\t\t\t<div class='gallery-icon landscape'>\n\t\t\t\t<a href='https:\/\/laboratorio3p.web.ua.pt\/index.php\/projetos\/nossosprojetos\/pdmmaia'><img loading=\"lazy\" decoding=\"async\" width=\"300\" height=\"225\" src=\"https:\/\/laboratorio3p.web.ua.pt\/wp-content\/uploads\/2019\/08\/61442902_335796940444938_5129811657333145600_n-300x225.jpg\" class=\"attachment-medium size-medium\" alt=\"\" aria-describedby=\"gallery-1-824\" srcset=\"https:\/\/laboratorio3p.web.ua.pt\/wp-content\/uploads\/2019\/08\/61442902_335796940444938_5129811657333145600_n-300x225.jpg 300w, https:\/\/laboratorio3p.web.ua.pt\/wp-content\/uploads\/2019\/08\/61442902_335796940444938_5129811657333145600_n-768x576.jpg 768w, https:\/\/laboratorio3p.web.ua.pt\/wp-content\/uploads\/2019\/08\/61442902_335796940444938_5129811657333145600_n-1024x768.jpg 1024w, https:\/\/laboratorio3p.web.ua.pt\/wp-content\/uploads\/2019\/08\/61442902_335796940444938_5129811657333145600_n-600x450.jpg 600w, https:\/\/laboratorio3p.web.ua.pt\/wp-content\/uploads\/2019\/08\/61442902_335796940444938_5129811657333145600_n.jpg 1280w\" sizes=\"(max-width: 300px) 100vw, 300px\" \/><\/a>\n\t\t\t<\/div>\n\t\t\t\t<figcaption class='wp-caption-text gallery-caption' id='gallery-1-824'>\n\t\t\t\tProcesso Participativo PDM da Maia\n\t\t\t\t<\/figcaption><\/figure><figure class='gallery-item'>\n\t\t\t<div class='gallery-icon landscape'>\n\t\t\t\t<a href='https:\/\/laboratorio3p.web.ua.pt\/index.php\/projetos\/nossosprojetos\/lousada'><img loading=\"lazy\" decoding=\"async\" width=\"300\" height=\"225\" src=\"https:\/\/laboratorio3p.web.ua.pt\/wp-content\/uploads\/2019\/08\/IMG_4168-300x225.jpg\" class=\"attachment-medium size-medium\" alt=\"\" aria-describedby=\"gallery-1-827\" srcset=\"https:\/\/laboratorio3p.web.ua.pt\/wp-content\/uploads\/2019\/08\/IMG_4168-300x225.jpg 300w, https:\/\/laboratorio3p.web.ua.pt\/wp-content\/uploads\/2019\/08\/IMG_4168-768x576.jpg 768w, https:\/\/laboratorio3p.web.ua.pt\/wp-content\/uploads\/2019\/08\/IMG_4168-1024x768.jpg 1024w, https:\/\/laboratorio3p.web.ua.pt\/wp-content\/uploads\/2019\/08\/IMG_4168-600x450.jpg 600w\" sizes=\"(max-width: 300px) 100vw, 300px\" \/><\/a>\n\t\t\t<\/div>\n\t\t\t\t<figcaption class='wp-caption-text gallery-caption' id='gallery-1-827'>\n\t\t\t\tProcesso Participativo da Paisagem Protegida Sousa Superior \n\t\t\t\t<\/figcaption><\/figure><figure class='gallery-item'>\n\t\t\t<div class='gallery-icon landscape'>\n\t\t\t\t<a href='https:\/\/laboratorio3p.web.ua.pt\/index.php\/projetos\/nossosprojetos\/boost'><img loading=\"lazy\" decoding=\"async\" width=\"300\" height=\"225\" src=\"https:\/\/laboratorio3p.web.ua.pt\/wp-content\/uploads\/2019\/08\/55637140_1369851199823464_8321282480669720576_n-300x225.jpg\" class=\"attachment-medium size-medium\" alt=\"\" aria-describedby=\"gallery-1-830\" srcset=\"https:\/\/laboratorio3p.web.ua.pt\/wp-content\/uploads\/2019\/08\/55637140_1369851199823464_8321282480669720576_n-300x225.jpg 300w, https:\/\/laboratorio3p.web.ua.pt\/wp-content\/uploads\/2019\/08\/55637140_1369851199823464_8321282480669720576_n-768x576.jpg 768w, https:\/\/laboratorio3p.web.ua.pt\/wp-content\/uploads\/2019\/08\/55637140_1369851199823464_8321282480669720576_n-600x450.jpg 600w, https:\/\/laboratorio3p.web.ua.pt\/wp-content\/uploads\/2019\/08\/55637140_1369851199823464_8321282480669720576_n.jpg 960w\" sizes=\"(max-width: 300px) 100vw, 300px\" \/><\/a>\n\t\t\t<\/div>\n\t\t\t\t<figcaption class='wp-caption-text gallery-caption' id='gallery-1-830'>\n\t\t\t\t BooST &#8211; Impulsionar a bicicleta em Cidades principiantes\n\t\t\t\t<\/figcaption><\/figure><figure class='gallery-item'>\n\t\t\t<div class='gallery-icon landscape'>\n\t\t\t\t<a href='https:\/\/laboratorio3p.web.ua.pt\/index.php\/projetos\/nossosprojetos\/serrasdoporto'><img loading=\"lazy\" decoding=\"async\" width=\"300\" height=\"168\" src=\"https:\/\/laboratorio3p.web.ua.pt\/wp-content\/uploads\/2019\/08\/36589883_1737058506341687_1141902418116608000_n-300x168.jpg\" class=\"attachment-medium size-medium\" alt=\"\" aria-describedby=\"gallery-1-833\" srcset=\"https:\/\/laboratorio3p.web.ua.pt\/wp-content\/uploads\/2019\/08\/36589883_1737058506341687_1141902418116608000_n-300x168.jpg 300w, https:\/\/laboratorio3p.web.ua.pt\/wp-content\/uploads\/2019\/08\/36589883_1737058506341687_1141902418116608000_n-768x431.jpg 768w, https:\/\/laboratorio3p.web.ua.pt\/wp-content\/uploads\/2019\/08\/36589883_1737058506341687_1141902418116608000_n-600x337.jpg 600w, https:\/\/laboratorio3p.web.ua.pt\/wp-content\/uploads\/2019\/08\/36589883_1737058506341687_1141902418116608000_n.jpg 960w\" sizes=\"(max-width: 300px) 100vw, 300px\" \/><\/a>\n\t\t\t<\/div>\n\t\t\t\t<figcaption class='wp-caption-text gallery-caption' id='gallery-1-833'>\n\t\t\t\tProcesso Participativo para o Plano de Gest\u00e3o do Parque das Serras do Porto\n\t\t\t\t<\/figcaption><\/figure><figure class='gallery-item'>\n\t\t\t<div class='gallery-icon landscape'>\n\t\t\t\t<a href='https:\/\/laboratorio3p.web.ua.pt\/index.php\/projetos\/nossosprojetos\/vivobairro'><img loading=\"lazy\" decoding=\"async\" width=\"300\" height=\"225\" src=\"https:\/\/laboratorio3p.web.ua.pt\/wp-content\/uploads\/2019\/08\/12722125_691707050971219_580967057_n-300x225.jpg\" class=\"attachment-medium size-medium\" alt=\"\" aria-describedby=\"gallery-1-836\" srcset=\"https:\/\/laboratorio3p.web.ua.pt\/wp-content\/uploads\/2019\/08\/12722125_691707050971219_580967057_n-300x225.jpg 300w, https:\/\/laboratorio3p.web.ua.pt\/wp-content\/uploads\/2019\/08\/12722125_691707050971219_580967057_n-768x576.jpg 768w, https:\/\/laboratorio3p.web.ua.pt\/wp-content\/uploads\/2019\/08\/12722125_691707050971219_580967057_n-600x450.jpg 600w, https:\/\/laboratorio3p.web.ua.pt\/wp-content\/uploads\/2019\/08\/12722125_691707050971219_580967057_n.jpg 960w\" sizes=\"(max-width: 300px) 100vw, 300px\" \/><\/a>\n\t\t\t<\/div>\n\t\t\t\t<figcaption class='wp-caption-text gallery-caption' id='gallery-1-836'>\n\t\t\t\tViv\u00f3bairro_Processo colaborativo para a revitaliza\u00e7\u00e3o do bairro hist\u00f3rico de Aveiro\n\t\t\t\t<\/figcaption><\/figure><figure class='gallery-item'>\n\t\t\t<div class='gallery-icon landscape'>\n\t\t\t\t<a href='https:\/\/laboratorio3p.web.ua.pt\/index.php\/projetos\/nossosprojetos\/murtosaciclavel'><img loading=\"lazy\" decoding=\"async\" width=\"300\" height=\"199\" src=\"https:\/\/laboratorio3p.web.ua.pt\/wp-content\/uploads\/2019\/08\/5cc1d11eb6ace-300x199.png\" class=\"attachment-medium size-medium\" alt=\"\" aria-describedby=\"gallery-1-839\" srcset=\"https:\/\/laboratorio3p.web.ua.pt\/wp-content\/uploads\/2019\/08\/5cc1d11eb6ace-300x199.png 300w, https:\/\/laboratorio3p.web.ua.pt\/wp-content\/uploads\/2019\/08\/5cc1d11eb6ace-768x509.png 768w, https:\/\/laboratorio3p.web.ua.pt\/wp-content\/uploads\/2019\/08\/5cc1d11eb6ace-600x398.png 600w, https:\/\/laboratorio3p.web.ua.pt\/wp-content\/uploads\/2019\/08\/5cc1d11eb6ace.png 890w\" sizes=\"(max-width: 300px) 100vw, 300px\" \/><\/a>\n\t\t\t<\/div>\n\t\t\t\t<figcaption class='wp-caption-text gallery-caption' id='gallery-1-839'>\n\t\t\t\tMurtosa Cicl\u00e1vel\n\t\t\t\t<\/figcaption><\/figure>\n\t\t<\/div>\n\n<div id='gallery-2' class='gallery galleryid-1848 gallery-columns-3 gallery-size-medium'><figure class='gallery-item'>\n\t\t\t<div class='gallery-icon landscape'>\n\t\t\t\t<a href='https:\/\/laboratorio3p.web.ua.pt\/index.php\/projetos\/nossosprojetos\/boost'><img loading=\"lazy\" decoding=\"async\" width=\"300\" height=\"225\" src=\"https:\/\/laboratorio3p.web.ua.pt\/wp-content\/uploads\/2019\/08\/55637140_1369851199823464_8321282480669720576_n-300x225.jpg\" class=\"attachment-medium size-medium\" alt=\"\" aria-describedby=\"gallery-2-830\" srcset=\"https:\/\/laboratorio3p.web.ua.pt\/wp-content\/uploads\/2019\/08\/55637140_1369851199823464_8321282480669720576_n-300x225.jpg 300w, https:\/\/laboratorio3p.web.ua.pt\/wp-content\/uploads\/2019\/08\/55637140_1369851199823464_8321282480669720576_n-768x576.jpg 768w, https:\/\/laboratorio3p.web.ua.pt\/wp-content\/uploads\/2019\/08\/55637140_1369851199823464_8321282480669720576_n-600x450.jpg 600w, https:\/\/laboratorio3p.web.ua.pt\/wp-content\/uploads\/2019\/08\/55637140_1369851199823464_8321282480669720576_n.jpg 960w\" sizes=\"(max-width: 300px) 100vw, 300px\" \/><\/a>\n\t\t\t<\/div>\n\t\t\t\t<figcaption class='wp-caption-text gallery-caption' id='gallery-2-830'>\n\t\t\t\t BooST &#8211; Impulsionar a bicicleta em Cidades principiantes\n\t\t\t\t<\/figcaption><\/figure><figure class='gallery-item'>\n\t\t\t<div class='gallery-icon portrait'>\n\t\t\t\t<a href='https:\/\/laboratorio3p.web.ua.pt\/?attachment_id=2154'><img loading=\"lazy\" decoding=\"async\" width=\"300\" height=\"300\" src=\"https:\/\/laboratorio3p.web.ua.pt\/wp-content\/uploads\/2021\/08\/203556785_2887283264866552_666056016648391728_n-1-e1630425163601-300x300.jpg\" class=\"attachment-medium size-medium\" alt=\"\" aria-describedby=\"gallery-2-2154\" srcset=\"https:\/\/laboratorio3p.web.ua.pt\/wp-content\/uploads\/2021\/08\/203556785_2887283264866552_666056016648391728_n-1-e1630425163601-300x300.jpg 300w, https:\/\/laboratorio3p.web.ua.pt\/wp-content\/uploads\/2021\/08\/203556785_2887283264866552_666056016648391728_n-1-e1630425163601-150x150.jpg 150w, https:\/\/laboratorio3p.web.ua.pt\/wp-content\/uploads\/2021\/08\/203556785_2887283264866552_666056016648391728_n-1-e1630425163601-768x770.jpg 768w, https:\/\/laboratorio3p.web.ua.pt\/wp-content\/uploads\/2021\/08\/203556785_2887283264866552_666056016648391728_n-1-e1630425163601.jpg 820w\" sizes=\"(max-width: 300px) 100vw, 300px\" \/><\/a>\n\t\t\t<\/div>\n\t\t\t\t<figcaption class='wp-caption-text gallery-caption' id='gallery-2-2154'>\n\t\t\t\tProcesso Participativo do PDM de Valongo\n\t\t\t\t<\/figcaption><\/figure><figure class='gallery-item'>\n\t\t\t<div class='gallery-icon portrait'>\n\t\t\t\t<a href='https:\/\/laboratorio3p.web.ua.pt\/?attachment_id=2142'><img loading=\"lazy\" decoding=\"async\" width=\"212\" height=\"300\" src=\"https:\/\/laboratorio3p.web.ua.pt\/wp-content\/uploads\/2021\/08\/215055606_121696406815317_6764967209376941674_n-212x300.jpg\" class=\"attachment-medium size-medium\" alt=\"\" aria-describedby=\"gallery-2-2142\" srcset=\"https:\/\/laboratorio3p.web.ua.pt\/wp-content\/uploads\/2021\/08\/215055606_121696406815317_6764967209376941674_n-212x300.jpg 212w, https:\/\/laboratorio3p.web.ua.pt\/wp-content\/uploads\/2021\/08\/215055606_121696406815317_6764967209376941674_n-724x1024.jpg 724w, https:\/\/laboratorio3p.web.ua.pt\/wp-content\/uploads\/2021\/08\/215055606_121696406815317_6764967209376941674_n-768x1086.jpg 768w, https:\/\/laboratorio3p.web.ua.pt\/wp-content\/uploads\/2021\/08\/215055606_121696406815317_6764967209376941674_n-1086x1536.jpg 1086w, https:\/\/laboratorio3p.web.ua.pt\/wp-content\/uploads\/2021\/08\/215055606_121696406815317_6764967209376941674_n.jpg 1448w\" sizes=\"(max-width: 212px) 100vw, 212px\" \/><\/a>\n\t\t\t<\/div>\n\t\t\t\t<figcaption class='wp-caption-text gallery-caption' id='gallery-2-2142'>\n\t\t\t\tValongo ao Cubo\n\t\t\t\t<\/figcaption><\/figure><figure class='gallery-item'>\n\t\t\t<div class='gallery-icon landscape'>\n\t\t\t\t<a href='https:\/\/laboratorio3p.web.ua.pt\/pml1'><img loading=\"lazy\" decoding=\"async\" width=\"225\" height=\"225\" src=\"https:\/\/laboratorio3p.web.ua.pt\/wp-content\/uploads\/2021\/09\/pml1.png\" class=\"attachment-medium size-medium\" alt=\"\u00c0 procura do meu lugar\" aria-describedby=\"gallery-2-2376\" srcset=\"https:\/\/laboratorio3p.web.ua.pt\/wp-content\/uploads\/2021\/09\/pml1.png 225w, https:\/\/laboratorio3p.web.ua.pt\/wp-content\/uploads\/2021\/09\/pml1-150x150.png 150w\" sizes=\"(max-width: 225px) 100vw, 225px\" \/><\/a>\n\t\t\t<\/div>\n\t\t\t\t<figcaption class='wp-caption-text gallery-caption' id='gallery-2-2376'>\n\t\t\t\t\u00c0 Procura do Meu Lugar\n\t\t\t\t<\/figcaption><\/figure><figure class='gallery-item'>\n\t\t\t<div class='gallery-icon landscape'>\n\t\t\t\t<a href='https:\/\/laboratorio3p.web.ua.pt\/pdmgaia1'><img loading=\"lazy\" decoding=\"async\" width=\"300\" height=\"257\" src=\"https:\/\/laboratorio3p.web.ua.pt\/wp-content\/uploads\/2021\/09\/pdmgaia1-300x257.jpg\" class=\"attachment-medium size-medium\" alt=\"PDM Gaia\" aria-describedby=\"gallery-2-2370\" srcset=\"https:\/\/laboratorio3p.web.ua.pt\/wp-content\/uploads\/2021\/09\/pdmgaia1-300x257.jpg 300w, https:\/\/laboratorio3p.web.ua.pt\/wp-content\/uploads\/2021\/09\/pdmgaia1-1024x876.jpg 1024w, https:\/\/laboratorio3p.web.ua.pt\/wp-content\/uploads\/2021\/09\/pdmgaia1-768x657.jpg 768w, https:\/\/laboratorio3p.web.ua.pt\/wp-content\/uploads\/2021\/09\/pdmgaia1.jpg 1033w\" sizes=\"(max-width: 300px) 100vw, 300px\" \/><\/a>\n\t\t\t<\/div>\n\t\t\t\t<figcaption class='wp-caption-text gallery-caption' id='gallery-2-2370'>\n\t\t\t\tProcesso participativo do PDM de Vila Nova de Gaia\n\t\t\t\t<\/figcaption><\/figure><figure class='gallery-item'>\n\t\t\t<div class='gallery-icon landscape'>\n\t\t\t\t<a href='https:\/\/laboratorio3p.web.ua.pt\/bioblitz_final_posterfacebook'><img loading=\"lazy\" decoding=\"async\" width=\"300\" height=\"300\" src=\"https:\/\/laboratorio3p.web.ua.pt\/wp-content\/uploads\/2021\/09\/BIOBLITZ_final_POSTERFACEBOOK-300x300.jpg\" class=\"attachment-medium size-medium\" alt=\"BiodiverCities Valongo\" aria-describedby=\"gallery-2-2373\" srcset=\"https:\/\/laboratorio3p.web.ua.pt\/wp-content\/uploads\/2021\/09\/BIOBLITZ_final_POSTERFACEBOOK-300x300.jpg 300w, https:\/\/laboratorio3p.web.ua.pt\/wp-content\/uploads\/2021\/09\/BIOBLITZ_final_POSTERFACEBOOK-1024x1024.jpg 1024w, https:\/\/laboratorio3p.web.ua.pt\/wp-content\/uploads\/2021\/09\/BIOBLITZ_final_POSTERFACEBOOK-150x150.jpg 150w, https:\/\/laboratorio3p.web.ua.pt\/wp-content\/uploads\/2021\/09\/BIOBLITZ_final_POSTERFACEBOOK-768x768.jpg 768w, https:\/\/laboratorio3p.web.ua.pt\/wp-content\/uploads\/2021\/09\/BIOBLITZ_final_POSTERFACEBOOK.jpg 1080w\" sizes=\"(max-width: 300px) 100vw, 300px\" \/><\/a>\n\t\t\t<\/div>\n\t\t\t\t<figcaption class='wp-caption-text gallery-caption' id='gallery-2-2373'>\n\t\t\t\tBiodiverCities Valongo\n\t\t\t\t<\/figcaption><\/figure>\n\t\t<\/div>\n\n","protected":false},"excerpt":{"rendered":"","protected":false},"author":12,"featured_media":0,"parent":92,"menu_order":0,"comment_status":"closed","ping_status":"closed","template":"","meta":{"footnotes":""},"_links":{"self":[{"href":"https:\/\/laboratorio3p.web.ua.pt\/index.php\/wp-json\/wp\/v2\/pages\/1848"}],"collection":[{"href":"https:\/\/laboratorio3p.web.ua.pt\/index.php\/wp-json\/wp\/v2\/pages"}],"about":[{"href":"https:\/\/laboratorio3p.web.ua.pt\/index.php\/wp-json\/wp\/v2\/types\/page"}],"author":[{"embeddable":true,"href":"https:\/\/laboratorio3p.web.ua.pt\/index.php\/wp-json\/wp\/v2\/users\/12"}],"replies":[{"embeddable":true,"href":"https:\/\/laboratorio3p.web.ua.pt\/index.php\/wp-json\/wp\/v2\/comments?post=1848"}],"version-history":[{"count":11,"href":"https:\/\/laboratorio3p.web.ua.pt\/index.php\/wp-json\/wp\/v2\/pages\/1848\/revisions"}],"predecessor-version":[{"id":3532,"href":"https:\/\/laboratorio3p.web.ua.pt\/index.php\/wp-json\/wp\/v2\/pages\/1848\/revisions\/3532"}],"up":[{"embeddable":true,"href":"https:\/\/laboratorio3p.web.ua.pt\/index.php\/wp-json\/wp\/v2\/pages\/92"}],"wp:attachment":[{"href":"https:\/\/laboratorio3p.web.ua.pt\/index.php\/wp-json\/wp\/v2\/media?parent=1848"}],"curies":[{"name":"wp","href":"https:\/\/api.w.org\/{rel}","templated":true}]}}