{"id":1860,"date":"2021-08-23T10:59:48","date_gmt":"2021-08-23T09:59:48","guid":{"rendered":"http:\/\/laboratorio3p.web.ua.pt\/?page_id=1860"},"modified":"2025-06-18T16:44:49","modified_gmt":"2025-06-18T15:44:49","slug":"publicacoes-2","status":"publish","type":"page","link":"https:\/\/laboratorio3p.web.ua.pt\/index.php\/publicacoes\/publicacoes-2","title":{"rendered":"Publica\u00e7\u00f5es \/ Apresenta\u00e7\u00f5es"},"content":{"rendered":"\n<p class=\"has-background-background-color has-background\">O lan\u00e7amento do livro sobre o Laborat\u00f3rio de Cidadania pela Inclus\u00e3o MaiaInclui foi uma oportunidade de prestar um tributo \u00e0 comunidade do bairro da Anta e \u00e0s institui\u00e7\u00f5es que no terreno t\u00eam ao longo dos anos feito a diferen\u00e7a.<\/p>\n\n\n\n<p class=\"has-background-background-color has-background\">Partilhamos<a href=\"https:\/\/drive.google.com\/file\/d\/1pjSWubIPHIn5-MtP8D72PxbdslUB2TpJ\/view?usp=drive_link\" target=\"_blank\" rel=\"noreferrer noopener\"> aqui <\/a>a publica\u00e7\u00e3o editada pela <a href=\"https:\/\/www.facebook.com\/AgenciaAIMA?__cft__[0]=AZXMAO4aY8TO6GYbKfZimWVVsodAkadL1nKwLTIoQOqs8vyRAYxMwEWoZoQP1_MmfACAUDyEyq-K6l6UvoozTN0gOtJi-UiV-3Cjqntgcj-P7Pn7UfpDc9hWVkfUc8qidMUNzjet7aTzX3ZoeZISC1HAtBhiqCIY-GObIVsJnw28Jg&amp;__tn__=-]K-R\">AIMA Ag\u00eancia para a Integra\u00e7\u00e3o, Migra\u00e7\u00f5es e Asilo<\/a> no \u00e2mbito da Cole\u00e7\u00e3o Projetos e Pr\u00e1ticas de Inova\u00e7\u00e3o Social. O livro retrata e discute os resultados de um laborat\u00f3rio de inova\u00e7\u00e3o cidad\u00e3 realizado com a comunidade cigana do bairro da Anta, apresentando a metodologia e os objetivos e ilustrando algumas das transforma\u00e7\u00f5es realizadas pela comunidade. Tal s\u00f3 foi poss\u00edvel porque as entidades respons\u00e1veis &#8211; <a href=\"https:\/\/www.facebook.com\/municipiomaia?__cft__[0]=AZXMAO4aY8TO6GYbKfZimWVVsodAkadL1nKwLTIoQOqs8vyRAYxMwEWoZoQP1_MmfACAUDyEyq-K6l6UvoozTN0gOtJi-UiV-3Cjqntgcj-P7Pn7UfpDc9hWVkfUc8qidMUNzjet7aTzX3ZoeZISC1HAtBhiqCIY-GObIVsJnw28Jg&amp;__tn__=-]K-R\">C\u00e2mara Municipal da Maia<\/a>, <a href=\"https:\/\/www.facebook.com\/scmmaia?__cft__[0]=AZXMAO4aY8TO6GYbKfZimWVVsodAkadL1nKwLTIoQOqs8vyRAYxMwEWoZoQP1_MmfACAUDyEyq-K6l6UvoozTN0gOtJi-UiV-3Cjqntgcj-P7Pn7UfpDc9hWVkfUc8qidMUNzjet7aTzX3ZoeZISC1HAtBhiqCIY-GObIVsJnw28Jg&amp;__tn__=-]K-R\">Santa Casa da Miseric\u00f3rdia da Maia<\/a> e <a href=\"https:\/\/www.facebook.com\/espacomunicipalmaia?__cft__[0]=AZXMAO4aY8TO6GYbKfZimWVVsodAkadL1nKwLTIoQOqs8vyRAYxMwEWoZoQP1_MmfACAUDyEyq-K6l6UvoozTN0gOtJi-UiV-3Cjqntgcj-P7Pn7UfpDc9hWVkfUc8qidMUNzjet7aTzX3ZoeZISC1HAtBhiqCIY-GObIVsJnw28Jg&amp;__tn__=-]K-R\">Espa\u00e7o Municipal<\/a> -criaram previamente e ao longo de anos as condi\u00e7\u00f5es infra-estruturais, de empatia e apoio. As funda\u00e7\u00f5es essenciais para o trabalho colaborativo.<\/p>\n\n\n\n<p class=\"has-background-background-color has-background\">Os laborat\u00f3rios de cidadania experimentam novas formas de olhar para os problemas e de equacionar respostas alternativas nas quais os cidad\u00e3os s\u00e3o os protagonistas, n\u00e3o os destinat\u00e1rios. Servem para inovar e arriscar num contexto controlado e por isso permitem construir um outro tipo de conhecimento, mais artesanal, refor\u00e7ar elos, pontes e redes, organizar os cidad\u00e3os e alargar horizontes, disputando futuros improv\u00e1veis.Testam \u00e0 pequena escala para depois de avalia\u00e7\u00e3o poderem ser replicada em contextos mais alargados. Tem provado ser eficaz. A conclus\u00e3o do projeto ainda n\u00e3o est\u00e1 escrita. \u00c9 um trabalho permanentemente incompleto que convoca o melhor de n\u00f3s pelo bem de todos.<\/p>\n\n\n<a href=\"https:\/\/laboratorio3p.web.ua.pt\/wp-content\/uploads\/2024\/04\/OBCIG_PPIS_n2_impresso.pdf\" class=\"pdfemb-viewer\" style=\"\" data-width=\"max\" data-height=\"max\" data-toolbar=\"bottom\" data-toolbar-fixed=\"off\">OBCIG_PPIS_n2_impresso<\/a>\n\n\n<p><\/p>\n\n\n\n<iframe loading=\"lazy\" src=\"https:\/\/www.facebook.com\/plugins\/post.php?href=https%3A%2F%2Fwww.facebook.com%2Fjosecarlosmota%2Fposts%2Fpfbid0amdFYpYtJCHhamfLwpf3PFZqbKBzUoNE3NNgNnre1vzCJW3eYSbgZ4b4otM292H9l&amp;show_text=true&amp;width=500\" width=\"500\" height=\"802\" style=\"border:none;overflow:hidden\" scrolling=\"no\" frameborder=\"0\" allowfullscreen=\"true\" allow=\"autoplay; clipboard-write; encrypted-media; picture-in-picture; web-share\"><\/iframe>\n\n\n\n<div data-wp-interactive=\"core\/file\" class=\"wp-block-file\"><object data-wp-bind--hidden=\"!state.hasPdfPreview\"  class=\"wp-block-file__embed\" data=\"https:\/\/laboratorio3p.web.ua.pt\/wp-content\/uploads\/2022\/09\/Odisseiadosespacos_JCM.pdf\" type=\"application\/pdf\" style=\"width:100%;height:600px\" aria-label=\"Incorpora\u00e7\u00e3o de Odisseiadosespacos_JCM.\"><\/object><a href=\"https:\/\/laboratorio3p.web.ua.pt\/wp-content\/uploads\/2022\/09\/Odisseiadosespacos_JCM.pdf\">Odisseiadosespacos_JCM<\/a><a href=\"https:\/\/laboratorio3p.web.ua.pt\/wp-content\/uploads\/2022\/09\/Odisseiadosespacos_JCM.pdf\" class=\"wp-block-file__button wp-element-button\" download>Descarregar<\/a><\/div>\n\n\n\n<div data-wp-interactive=\"core\/file\" class=\"wp-block-file\"><object data-wp-bind--hidden=\"!state.hasPdfPreview\"  class=\"wp-block-file__embed\" data=\"https:\/\/laboratorio3p.web.ua.pt\/wp-content\/uploads\/2022\/03\/Laboratorio-Civico-de-Santiago.pdf\" type=\"application\/pdf\" style=\"width:100%;height:311px\" aria-label=\"Incorpora\u00e7\u00e3o de Laborat\u00f3rio C\u00edvico de Santiago.\"><\/object><a href=\"https:\/\/laboratorio3p.web.ua.pt\/wp-content\/uploads\/2022\/03\/Laboratorio-Civico-de-Santiago.pdf\">Laborat\u00f3rio C\u00edvico de Santiago<\/a><\/div>\n\n\n\n<div data-wp-interactive=\"core\/file\" class=\"wp-block-file\"><object data-wp-bind--hidden=\"!state.hasPdfPreview\"  class=\"wp-block-file__embed\" data=\"https:\/\/laboratorio3p.web.ua.pt\/wp-content\/uploads\/2022\/03\/Processo-participativo-do-PDM-da-Maia_Marco2022.pdf\" type=\"application\/pdf\" style=\"width:100%;height:300px\" aria-label=\"Incorpora\u00e7\u00e3o de Processo participativo do PDM da Maia_Mar\u00e7o2022.\"><\/object><a href=\"https:\/\/laboratorio3p.web.ua.pt\/wp-content\/uploads\/2022\/03\/Processo-participativo-do-PDM-da-Maia_Marco2022.pdf\">Processo participativo do PDM da Maia_Mar\u00e7o2022<\/a><\/div>\n\n\n\n<div data-wp-interactive=\"core\/file\" class=\"wp-block-file\"><object data-wp-bind--hidden=\"!state.hasPdfPreview\"  class=\"wp-block-file__embed\" data=\"https:\/\/laboratorio3p.web.ua.pt\/wp-content\/uploads\/2022\/03\/Envolvimento-das-criancas-no-PDM-de-Valongo.pdf\" type=\"application\/pdf\" style=\"width:100%;height:200px\" aria-label=\"Incorpora\u00e7\u00e3o de Envolvimento das crian\u00e7as no PDM de Valongo.\"><\/object><a href=\"https:\/\/laboratorio3p.web.ua.pt\/wp-content\/uploads\/2022\/03\/Envolvimento-das-criancas-no-PDM-de-Valongo.pdf\">Envolvimento das crian\u00e7as no PDM de Valongo<\/a><\/div>\n\n\n\n<div class=\"wp-block-buttons is-layout-flex wp-block-buttons-is-layout-flex\">\n<div class=\"wp-block-button\"><a class=\"wp-block-button__link wp-element-button\" href=\"https:\/\/laboratorio3p.web.ua.pt\/index.php\/conferencias\">Confer\u00eancias<\/a><\/div>\n<\/div>\n\n\n\n<p><\/p>\n","protected":false},"excerpt":{"rendered":"<p>O lan\u00e7amento do livro sobre o Laborat\u00f3rio de Cidadania pela Inclus\u00e3o MaiaInclui foi uma oportunidade de prestar um tributo \u00e0 comunidade do bairro da Anta e \u00e0s institui\u00e7\u00f5es que no terreno t\u00eam ao longo dos anos feito a diferen\u00e7a. Partilhamos aqui a publica\u00e7\u00e3o editada pela AIMA Ag\u00eancia para a Integra\u00e7\u00e3o, Migra\u00e7\u00f5es e Asilo no \u00e2mbito [&hellip;]<\/p>\n","protected":false},"author":12,"featured_media":0,"parent":37,"menu_order":0,"comment_status":"closed","ping_status":"closed","template":"","meta":{"footnotes":""},"_links":{"self":[{"href":"https:\/\/laboratorio3p.web.ua.pt\/index.php\/wp-json\/wp\/v2\/pages\/1860"}],"collection":[{"href":"https:\/\/laboratorio3p.web.ua.pt\/index.php\/wp-json\/wp\/v2\/pages"}],"about":[{"href":"https:\/\/laboratorio3p.web.ua.pt\/index.php\/wp-json\/wp\/v2\/types\/page"}],"author":[{"embeddable":true,"href":"https:\/\/laboratorio3p.web.ua.pt\/index.php\/wp-json\/wp\/v2\/users\/12"}],"replies":[{"embeddable":true,"href":"https:\/\/laboratorio3p.web.ua.pt\/index.php\/wp-json\/wp\/v2\/comments?post=1860"}],"version-history":[{"count":27,"href":"https:\/\/laboratorio3p.web.ua.pt\/index.php\/wp-json\/wp\/v2\/pages\/1860\/revisions"}],"predecessor-version":[{"id":3652,"href":"https:\/\/laboratorio3p.web.ua.pt\/index.php\/wp-json\/wp\/v2\/pages\/1860\/revisions\/3652"}],"up":[{"embeddable":true,"href":"https:\/\/laboratorio3p.web.ua.pt\/index.php\/wp-json\/wp\/v2\/pages\/37"}],"wp:attachment":[{"href":"https:\/\/laboratorio3p.web.ua.pt\/index.php\/wp-json\/wp\/v2\/media?parent=1860"}],"curies":[{"name":"wp","href":"https:\/\/api.w.org\/{rel}","templated":true}]}}