{"id":1878,"date":"2021-08-23T11:00:51","date_gmt":"2021-08-23T10:00:51","guid":{"rendered":"http:\/\/laboratorio3p.web.ua.pt\/?page_id=1878"},"modified":"2023-02-10T14:41:34","modified_gmt":"2023-02-10T13:41:34","slug":"eventos","status":"publish","type":"page","link":"https:\/\/laboratorio3p.web.ua.pt\/index.php\/atividades\/eventos","title":{"rendered":"Eventos"},"content":{"rendered":"\n<h3 class=\"wp-block-heading\">Semin\u00e1rio L3P<\/h3>\n\n\n\n<p>Inscri\u00e7\u00f5es atrav\u00e9s do formul\u00e1rio <a href=\"https:\/\/forms.gle\/KZqqjozFeWj7SDEn8\" target=\"_blank\" rel=\"noreferrer noopener\">https:\/\/forms.gle\/KZqqjozFeWj7SDEn8<\/a><\/p>\n\n\n<a href=\"https:\/\/laboratorio3p.web.ua.pt\/wp-content\/uploads\/2023\/02\/Programa-Semina\u0301rio-L3P.pdf\" class=\"pdfemb-viewer\" style=\"\" data-width=\"max\" data-height=\"max\" data-toolbar=\"bottom\" data-toolbar-fixed=\"off\">Programa-Semina\u0301rio-L3P<\/a>\n<p class=\"wp-block-pdfemb-pdf-embedder-viewer\"><\/p>\n\n\n\n<section class=\"wp-block-uagb-section uagb-section__wrap uagb-section__background-undefined uagb-block-87a21071\"><div class=\"uagb-section__overlay\"><\/div><div class=\"uagb-section__inner-wrap\">\n<figure class=\"wp-block-image size-large\"><img loading=\"lazy\" decoding=\"async\" width=\"722\" height=\"1024\" src=\"https:\/\/laboratorio3p.web.ua.pt\/wp-content\/uploads\/2021\/11\/Cartaz-7novembro-colorido-722x1024.jpg\" alt=\"\" class=\"wp-image-2527\" srcset=\"https:\/\/laboratorio3p.web.ua.pt\/wp-content\/uploads\/2021\/11\/Cartaz-7novembro-colorido-722x1024.jpg 722w, https:\/\/laboratorio3p.web.ua.pt\/wp-content\/uploads\/2021\/11\/Cartaz-7novembro-colorido-211x300.jpg 211w, https:\/\/laboratorio3p.web.ua.pt\/wp-content\/uploads\/2021\/11\/Cartaz-7novembro-colorido-768x1090.jpg 768w, https:\/\/laboratorio3p.web.ua.pt\/wp-content\/uploads\/2021\/11\/Cartaz-7novembro-colorido-1083x1536.jpg 1083w, https:\/\/laboratorio3p.web.ua.pt\/wp-content\/uploads\/2021\/11\/Cartaz-7novembro-colorido-1443x2048.jpg 1443w, https:\/\/laboratorio3p.web.ua.pt\/wp-content\/uploads\/2021\/11\/Cartaz-7novembro-colorido-scaled.jpg 1804w\" sizes=\"(max-width: 722px) 100vw, 722px\" \/><figcaption>mais informa\u00e7\u00f5es em <a href=\"http:\/\/facebook.com\/kitanossarua\" data-type=\"URL\" data-id=\"facebook.com\/kitanossarua\" target=\"_blank\" rel=\"noreferrer noopener\">facebook.com\/kitanossarua<\/a><\/figcaption><\/figure>\n<\/div><\/section>\n\n\n\n<section class=\"wp-block-uagb-section uagb-section__wrap uagb-section__background-undefined uagb-block-9355b35a\"><div class=\"uagb-section__overlay\"><\/div><div class=\"uagb-section__inner-wrap\">\n<figure class=\"wp-block-image size-full is-resized\"><img loading=\"lazy\" decoding=\"async\" src=\"https:\/\/laboratorio3p.web.ua.pt\/wp-content\/uploads\/2021\/11\/biodivercities06-11.jpg\" alt=\"\" class=\"wp-image-2557\" width=\"727\" height=\"1018\" srcset=\"https:\/\/laboratorio3p.web.ua.pt\/wp-content\/uploads\/2021\/11\/biodivercities06-11.jpg 469w, https:\/\/laboratorio3p.web.ua.pt\/wp-content\/uploads\/2021\/11\/biodivercities06-11-214x300.jpg 214w\" sizes=\"(max-width: 727px) 100vw, 727px\" \/><\/figure>\n\n\n\n<p>Inscri\u00e7\u00f5es <a href=\"https:\/\/www.cm-valongo.pt\/p\/eventosbiodivercities?fbclid=IwAR1UaimCHWGqXxTF2Pm5pqVXO3ayYwi0W0CCW9-O9Q41khTws6vhVdv0W3o\" data-type=\"URL\" data-id=\"https:\/\/www.cm-valongo.pt\/p\/eventosbiodivercities?fbclid=IwAR1UaimCHWGqXxTF2Pm5pqVXO3ayYwi0W0CCW9-O9Q41khTws6vhVdv0W3o\" target=\"_blank\" rel=\"noreferrer noopener\">aqui<\/a><\/p>\n\n\n\n<p>Mais informa\u00e7\u00f5es em <a href=\"https:\/\/www.facebook.com\/municipiodevalongo\/photos\/a.690616691001898\/4564378746958987\" data-type=\"URL\" data-id=\"https:\/\/www.facebook.com\/municipiodevalongo\/photos\/a.690616691001898\/4564378746958987\" target=\"_blank\" rel=\"noreferrer noopener\">facebook.com<\/a><\/p>\n<\/div><\/section>\n","protected":false},"excerpt":{"rendered":"<p>Semin\u00e1rio L3P Inscri\u00e7\u00f5es atrav\u00e9s do formul\u00e1rio https:\/\/forms.gle\/KZqqjozFeWj7SDEn8<\/p>\n","protected":false},"author":12,"featured_media":0,"parent":2067,"menu_order":0,"comment_status":"closed","ping_status":"closed","template":"","meta":{"footnotes":""},"_links":{"self":[{"href":"https:\/\/laboratorio3p.web.ua.pt\/index.php\/wp-json\/wp\/v2\/pages\/1878"}],"collection":[{"href":"https:\/\/laboratorio3p.web.ua.pt\/index.php\/wp-json\/wp\/v2\/pages"}],"about":[{"href":"https:\/\/laboratorio3p.web.ua.pt\/index.php\/wp-json\/wp\/v2\/types\/page"}],"author":[{"embeddable":true,"href":"https:\/\/laboratorio3p.web.ua.pt\/index.php\/wp-json\/wp\/v2\/users\/12"}],"replies":[{"embeddable":true,"href":"https:\/\/laboratorio3p.web.ua.pt\/index.php\/wp-json\/wp\/v2\/comments?post=1878"}],"version-history":[{"count":9,"href":"https:\/\/laboratorio3p.web.ua.pt\/index.php\/wp-json\/wp\/v2\/pages\/1878\/revisions"}],"predecessor-version":[{"id":3114,"href":"https:\/\/laboratorio3p.web.ua.pt\/index.php\/wp-json\/wp\/v2\/pages\/1878\/revisions\/3114"}],"up":[{"embeddable":true,"href":"https:\/\/laboratorio3p.web.ua.pt\/index.php\/wp-json\/wp\/v2\/pages\/2067"}],"wp:attachment":[{"href":"https:\/\/laboratorio3p.web.ua.pt\/index.php\/wp-json\/wp\/v2\/media?parent=1878"}],"curies":[{"name":"wp","href":"https:\/\/api.w.org\/{rel}","templated":true}]}}