{"id":2091,"date":"2021-08-31T15:13:43","date_gmt":"2021-08-31T14:13:43","guid":{"rendered":"https:\/\/laboratorio3p.web.ua.pt\/?page_id=2091"},"modified":"2021-08-31T15:13:44","modified_gmt":"2021-08-31T14:13:44","slug":"sobre","status":"publish","type":"page","link":"https:\/\/laboratorio3p.web.ua.pt\/index.php\/sobre","title":{"rendered":"Sobre"},"content":{"rendered":"\n<p>O Laborat\u00f3rio de Planeamento e Pol\u00edticas P\u00fablicas L3P foi criado em 2016 pelos docentes do Mestrado em Planeamento Regional e Urbano do Departamento de Ci\u00eancias Sociais, Pol\u00edticas e do Territ\u00f3rio da Universidade de Aveiro. O L3P \u00e9 um espa\u00e7o de desenvolvimento de projectos de investiga\u00e7\u00e3o de curta e m\u00e9dia-dura\u00e7\u00e3o relacionado com os temas do ordenamento do territ\u00f3rio e urbanismo a funcionar em resposta aos desafios colocados por institui\u00e7\u00f5es p\u00fablicas, empresas e organiza\u00e7\u00f5es do terceiro sector, sobretudo da regi\u00e3o de Aveiro. O objetivo do L3P \u00e9 criar oportunidades de colabora\u00e7\u00e3o entre docentes, alunos e investigadores, como tamb\u00e9m complementar o trabalho desenvolvido nas unidades curriculares.<\/p>\n","protected":false},"excerpt":{"rendered":"<p>O Laborat\u00f3rio de Planeamento e Pol\u00edticas P\u00fablicas L3P foi criado em 2016 pelos docentes do Mestrado em Planeamento Regional e Urbano do Departamento de Ci\u00eancias Sociais, Pol\u00edticas e do Territ\u00f3rio da Universidade de Aveiro. O L3P \u00e9 um espa\u00e7o de desenvolvimento de projectos de investiga\u00e7\u00e3o de curta e m\u00e9dia-dura\u00e7\u00e3o relacionado com os temas do ordenamento [&hellip;]<\/p>\n","protected":false},"author":12,"featured_media":0,"parent":0,"menu_order":0,"comment_status":"closed","ping_status":"closed","template":"","meta":{"footnotes":""},"_links":{"self":[{"href":"https:\/\/laboratorio3p.web.ua.pt\/index.php\/wp-json\/wp\/v2\/pages\/2091"}],"collection":[{"href":"https:\/\/laboratorio3p.web.ua.pt\/index.php\/wp-json\/wp\/v2\/pages"}],"about":[{"href":"https:\/\/laboratorio3p.web.ua.pt\/index.php\/wp-json\/wp\/v2\/types\/page"}],"author":[{"embeddable":true,"href":"https:\/\/laboratorio3p.web.ua.pt\/index.php\/wp-json\/wp\/v2\/users\/12"}],"replies":[{"embeddable":true,"href":"https:\/\/laboratorio3p.web.ua.pt\/index.php\/wp-json\/wp\/v2\/comments?post=2091"}],"version-history":[{"count":1,"href":"https:\/\/laboratorio3p.web.ua.pt\/index.php\/wp-json\/wp\/v2\/pages\/2091\/revisions"}],"predecessor-version":[{"id":2094,"href":"https:\/\/laboratorio3p.web.ua.pt\/index.php\/wp-json\/wp\/v2\/pages\/2091\/revisions\/2094"}],"wp:attachment":[{"href":"https:\/\/laboratorio3p.web.ua.pt\/index.php\/wp-json\/wp\/v2\/media?parent=2091"}],"curies":[{"name":"wp","href":"https:\/\/api.w.org\/{rel}","templated":true}]}}