{"id":3239,"date":"2023-03-07T17:51:22","date_gmt":"2023-03-07T16:51:22","guid":{"rendered":"https:\/\/laboratorio3p.web.ua.pt\/?page_id=3239"},"modified":"2023-03-07T17:51:22","modified_gmt":"2023-03-07T16:51:22","slug":"biodivercities-valongo","status":"publish","type":"page","link":"https:\/\/laboratorio3p.web.ua.pt\/index.php\/biodivercities-valongo","title":{"rendered":"BiodiverCities VALONGO"},"content":{"rendered":"\n<p>PROMOTOR: C\u00e2mara Municipal de Valongo \/ OPLLA EU<\/p>\n\n\n\n<p>ANO: 2020-2022<\/p>\n\n\n\n<figure class=\"wp-block-image size-large\"><img loading=\"lazy\" decoding=\"async\" width=\"1024\" height=\"576\" src=\"https:\/\/laboratorio3p.web.ua.pt\/wp-content\/uploads\/2023\/03\/biodiverCities-Valongo-1024x576.png\" alt=\"\" class=\"wp-image-3242\" srcset=\"https:\/\/laboratorio3p.web.ua.pt\/wp-content\/uploads\/2023\/03\/biodiverCities-Valongo-1024x576.png 1024w, https:\/\/laboratorio3p.web.ua.pt\/wp-content\/uploads\/2023\/03\/biodiverCities-Valongo-300x169.png 300w, https:\/\/laboratorio3p.web.ua.pt\/wp-content\/uploads\/2023\/03\/biodiverCities-Valongo-768x432.png 768w, https:\/\/laboratorio3p.web.ua.pt\/wp-content\/uploads\/2023\/03\/biodiverCities-Valongo-1536x864.png 1536w, https:\/\/laboratorio3p.web.ua.pt\/wp-content\/uploads\/2023\/03\/biodiverCities-Valongo.png 1920w\" sizes=\"(max-width: 1024px) 100vw, 1024px\" \/><\/figure>\n\n\n\n<p><a href=\"https:\/\/oppla.eu\/groups\/biodivercities\">SITE<\/a><\/p>\n\n\n\n<p><a href=\"https:\/\/www.cm-valongo.pt\/participar\/biodivercities\/projeto-biodivercities-valongo\/conteudos\">SITE da CMV<\/a><\/p>\n\n\n\n<p>O Munic\u00edpio de Valongo integra a rede de cidades europeias, criada no \u00e2mbito do projeto BiodiverCities da Uni\u00e3o Europeia, que visa envolver os cidad\u00e3os na cocria\u00e7\u00e3o de cidades mais verdes. O principal objetivo \u00e9 desenvolver um roteiro para melhorar a biodiversidade e as infraestruturas verdes das cidades europeias at\u00e9 2030, atrav\u00e9s da participa\u00e7\u00e3o da sociedade civil na tomada de decis\u00e3o para a constru\u00e7\u00e3o de uma vis\u00e3o conjunta da cidade verde de amanh\u00e3.<\/p>\n\n\n\n<p>A metodologia adotada para a implementa\u00e7\u00e3o do projeto BiodiverCities em Valongo teve como objetivos promover uma participa\u00e7\u00e3o ativa em todas as etapas do projeto, envolvendo a comunidade e a autarquia desde a fase de diagn\u00f3stico coletivo, \u00e0 elabora\u00e7\u00e3o de propostas e \u00e0 defini\u00e7\u00e3o e implementa\u00e7\u00e3o de a\u00e7\u00f5es experimentais e contou com a colabora\u00e7\u00e3o do L3P para a sua realiza\u00e7\u00e3o.<\/p>\n","protected":false},"excerpt":{"rendered":"<p>PROMOTOR: C\u00e2mara Municipal de Valongo \/ OPLLA EU ANO: 2020-2022 SITE SITE da CMV O Munic\u00edpio de Valongo integra a rede de cidades europeias, criada no \u00e2mbito do projeto BiodiverCities da Uni\u00e3o Europeia, que visa envolver os cidad\u00e3os na cocria\u00e7\u00e3o de cidades mais verdes. O principal objetivo \u00e9 desenvolver um roteiro para melhorar a biodiversidade [&hellip;]<\/p>\n","protected":false},"author":12,"featured_media":0,"parent":0,"menu_order":0,"comment_status":"closed","ping_status":"closed","template":"","meta":{"footnotes":""},"_links":{"self":[{"href":"https:\/\/laboratorio3p.web.ua.pt\/index.php\/wp-json\/wp\/v2\/pages\/3239"}],"collection":[{"href":"https:\/\/laboratorio3p.web.ua.pt\/index.php\/wp-json\/wp\/v2\/pages"}],"about":[{"href":"https:\/\/laboratorio3p.web.ua.pt\/index.php\/wp-json\/wp\/v2\/types\/page"}],"author":[{"embeddable":true,"href":"https:\/\/laboratorio3p.web.ua.pt\/index.php\/wp-json\/wp\/v2\/users\/12"}],"replies":[{"embeddable":true,"href":"https:\/\/laboratorio3p.web.ua.pt\/index.php\/wp-json\/wp\/v2\/comments?post=3239"}],"version-history":[{"count":1,"href":"https:\/\/laboratorio3p.web.ua.pt\/index.php\/wp-json\/wp\/v2\/pages\/3239\/revisions"}],"predecessor-version":[{"id":3248,"href":"https:\/\/laboratorio3p.web.ua.pt\/index.php\/wp-json\/wp\/v2\/pages\/3239\/revisions\/3248"}],"wp:attachment":[{"href":"https:\/\/laboratorio3p.web.ua.pt\/index.php\/wp-json\/wp\/v2\/media?parent=3239"}],"curies":[{"name":"wp","href":"https:\/\/api.w.org\/{rel}","templated":true}]}}