{"id":3259,"date":"2023-03-17T11:46:54","date_gmt":"2023-03-17T10:46:54","guid":{"rendered":"https:\/\/laboratorio3p.web.ua.pt\/?page_id=3259"},"modified":"2023-03-17T11:54:49","modified_gmt":"2023-03-17T10:54:49","slug":"i-seminario-de-investigacao-do-l3p-laboratorio-de-planeamento-e-politicas-publicas","status":"publish","type":"page","link":"https:\/\/laboratorio3p.web.ua.pt\/index.php\/i-seminario-de-investigacao-do-l3p-laboratorio-de-planeamento-e-politicas-publicas","title":{"rendered":"I Semin\u00e1rio de Investiga\u00e7\u00e3o do L3P &#8211; Laborat\u00f3rio de Planeamento e Pol\u00edticas P\u00fablicas"},"content":{"rendered":"\n<p>O POTENCIAL DE TRANSFORMA\u00c7\u00c3O SOCIAL ATRAV\u00c9S DA INVESTIGA\u00c7\u00c3O-A\u00c7\u00c3O<\/p>\n\n\n\n<p>Disponibilizamos abaixo as apresenta\u00e7\u00f5es do Semin\u00e1rio, organizadas em 5 blocos:<\/p>\n\n\n\n<p>Bloco 1 &#8211; Cidade Inclusiva: Abel Coentr\u00e3o, Luiz Tarroso, Desiree Seixas, Celia Gon\u00e7alves e Livia Oliva<\/p>\n\n\n<a href=\"https:\/\/laboratorio3p.web.ua.pt\/wp-content\/uploads\/2023\/03\/painel-1-cidade-inclusiva_compressed.pdf\" class=\"pdfemb-viewer\" style=\"\" data-width=\"max\" data-height=\"max\" data-toolbar=\"both\" data-toolbar-fixed=\"on\">painel-1-cidade-inclusiva_compressed<\/a>\n<p class=\"wp-block-pdfemb-pdf-embedder-viewer\"><\/p>\n\n\n\n<p>Bloco 2 &#8211; Participa\u00e7\u00e3o cidad\u00e3 l Governan\u00e7a: Ana Rita Pereira, Isabella Rusconi e Laura Cortizo<\/p>\n\n\n<a href=\"https:\/\/laboratorio3p.web.ua.pt\/wp-content\/uploads\/2023\/03\/painel-2-participacao-cidada-e-governanca_compressed.pdf\" class=\"pdfemb-viewer\" style=\"\" data-width=\"max\" data-height=\"max\" data-toolbar=\"both\" data-toolbar-fixed=\"on\">painel-2-participacao-cidada-e-governanca_compressed<\/a>\n<p class=\"wp-block-pdfemb-pdf-embedder-viewer\"><\/p>\n\n\n\n<p>Bloco 3 &#8211; Inova\u00e7\u00e3o cidad\u00e3o l Co-cria\u00e7\u00e3o: Caroline Freitas, Carolina Cardoso e Alessandra Flores<\/p>\n\n\n<a href=\"https:\/\/laboratorio3p.web.ua.pt\/wp-content\/uploads\/2023\/03\/painel-3-inovacao-cidada-e-co-criacao_compressed.pdf\" class=\"pdfemb-viewer\" style=\"\" data-width=\"max\" data-height=\"max\" data-toolbar=\"both\" data-toolbar-fixed=\"on\">painel-3-inovacao-cidada-e-co-criacao_compressed<\/a>\n<p class=\"wp-block-pdfemb-pdf-embedder-viewer\"><\/p>\n\n\n\n<p>Bloco 4 &#8211; Mobilidade Urbana l Descarboniza\u00e7\u00e3o: Bernardo Pereira, Joana Iv\u00f3nia, Henrique Chaves e Jo\u00e3o Filipe Teixeira<\/p>\n\n\n<a href=\"https:\/\/laboratorio3p.web.ua.pt\/wp-content\/uploads\/2023\/03\/painel-4-mobilidade-urbana-e-descarbonizacao_compressed.pdf\" class=\"pdfemb-viewer\" style=\"\" data-width=\"max\" data-height=\"max\" data-toolbar=\"both\" data-toolbar-fixed=\"on\">painel-4-mobilidade-urbana-e-descarbonizacao_compressed<\/a>\n<p class=\"wp-block-pdfemb-pdf-embedder-viewer\"><\/p>\n\n\n\n<p>Bloco 5 &#8211; Territ\u00f3rios afetivos: Gil Moreira, Tha\u00eds Ivo, Julia Draghi e Gabriela Cavalcanti<\/p>\n\n\n<a href=\"https:\/\/laboratorio3p.web.ua.pt\/wp-content\/uploads\/2023\/03\/painel-5-territorios-afetivos_compressed.pdf\" class=\"pdfemb-viewer\" style=\"\" data-width=\"max\" data-height=\"max\" data-toolbar=\"both\" data-toolbar-fixed=\"on\">painel-5-territorios-afetivos_compressed<\/a>\n<p class=\"wp-block-pdfemb-pdf-embedder-viewer\"><\/p>\n","protected":false},"excerpt":{"rendered":"<p>O POTENCIAL DE TRANSFORMA\u00c7\u00c3O SOCIAL ATRAV\u00c9S DA INVESTIGA\u00c7\u00c3O-A\u00c7\u00c3O Disponibilizamos abaixo as apresenta\u00e7\u00f5es do Semin\u00e1rio, organizadas em 5 blocos: Bloco 1 &#8211; Cidade Inclusiva: Abel Coentr\u00e3o, Luiz Tarroso, Desiree Seixas, Celia Gon\u00e7alves e Livia Oliva Bloco 2 &#8211; Participa\u00e7\u00e3o cidad\u00e3 l Governan\u00e7a: Ana Rita Pereira, Isabella Rusconi e Laura Cortizo Bloco 3 &#8211; Inova\u00e7\u00e3o cidad\u00e3o l [&hellip;]<\/p>\n","protected":false},"author":12,"featured_media":0,"parent":0,"menu_order":0,"comment_status":"closed","ping_status":"closed","template":"","meta":{"footnotes":""},"_links":{"self":[{"href":"https:\/\/laboratorio3p.web.ua.pt\/index.php\/wp-json\/wp\/v2\/pages\/3259"}],"collection":[{"href":"https:\/\/laboratorio3p.web.ua.pt\/index.php\/wp-json\/wp\/v2\/pages"}],"about":[{"href":"https:\/\/laboratorio3p.web.ua.pt\/index.php\/wp-json\/wp\/v2\/types\/page"}],"author":[{"embeddable":true,"href":"https:\/\/laboratorio3p.web.ua.pt\/index.php\/wp-json\/wp\/v2\/users\/12"}],"replies":[{"embeddable":true,"href":"https:\/\/laboratorio3p.web.ua.pt\/index.php\/wp-json\/wp\/v2\/comments?post=3259"}],"version-history":[{"count":4,"href":"https:\/\/laboratorio3p.web.ua.pt\/index.php\/wp-json\/wp\/v2\/pages\/3259\/revisions"}],"predecessor-version":[{"id":3304,"href":"https:\/\/laboratorio3p.web.ua.pt\/index.php\/wp-json\/wp\/v2\/pages\/3259\/revisions\/3304"}],"wp:attachment":[{"href":"https:\/\/laboratorio3p.web.ua.pt\/index.php\/wp-json\/wp\/v2\/media?parent=3259"}],"curies":[{"name":"wp","href":"https:\/\/api.w.org\/{rel}","templated":true}]}}