{"id":3577,"date":"2024-04-19T15:20:12","date_gmt":"2024-04-19T14:20:12","guid":{"rendered":"https:\/\/laboratorio3p.web.ua.pt\/?page_id=3577"},"modified":"2024-04-19T15:20:12","modified_gmt":"2024-04-19T14:20:12","slug":"processo-participativo-para-o-plano-de-urbanizacao-de-evora","status":"publish","type":"page","link":"https:\/\/laboratorio3p.web.ua.pt\/index.php\/processo-participativo-para-o-plano-de-urbanizacao-de-evora","title":{"rendered":"Processo participativo para o Plano de Urbaniza\u00e7\u00e3o de \u00c9vora"},"content":{"rendered":"","protected":false},"excerpt":{"rendered":"","protected":false},"author":12,"featured_media":0,"parent":0,"menu_order":0,"comment_status":"closed","ping_status":"closed","template":"","meta":{"footnotes":""},"_links":{"self":[{"href":"https:\/\/laboratorio3p.web.ua.pt\/index.php\/wp-json\/wp\/v2\/pages\/3577"}],"collection":[{"href":"https:\/\/laboratorio3p.web.ua.pt\/index.php\/wp-json\/wp\/v2\/pages"}],"about":[{"href":"https:\/\/laboratorio3p.web.ua.pt\/index.php\/wp-json\/wp\/v2\/types\/page"}],"author":[{"embeddable":true,"href":"https:\/\/laboratorio3p.web.ua.pt\/index.php\/wp-json\/wp\/v2\/users\/12"}],"replies":[{"embeddable":true,"href":"https:\/\/laboratorio3p.web.ua.pt\/index.php\/wp-json\/wp\/v2\/comments?post=3577"}],"version-history":[{"count":1,"href":"https:\/\/laboratorio3p.web.ua.pt\/index.php\/wp-json\/wp\/v2\/pages\/3577\/revisions"}],"predecessor-version":[{"id":3583,"href":"https:\/\/laboratorio3p.web.ua.pt\/index.php\/wp-json\/wp\/v2\/pages\/3577\/revisions\/3583"}],"wp:attachment":[{"href":"https:\/\/laboratorio3p.web.ua.pt\/index.php\/wp-json\/wp\/v2\/media?parent=3577"}],"curies":[{"name":"wp","href":"https:\/\/api.w.org\/{rel}","templated":true}]}}