{"id":752,"date":"2019-07-30T15:19:05","date_gmt":"2019-07-30T14:19:05","guid":{"rendered":"http:\/\/laboratorio3p.web.ua.pt\/?page_id=752"},"modified":"2021-08-30T10:46:33","modified_gmt":"2021-08-30T09:46:33","slug":"espaco-publico","status":"publish","type":"page","link":"https:\/\/laboratorio3p.web.ua.pt\/index.php\/sample-page\/espaco-publico","title":{"rendered":"Espa\u00e7o P\u00fablico"},"content":{"rendered":"<p>Desenvolvimento de projetos para espa\u00e7os p\u00fablicos na \u00e1rea do planeamento urbano<\/p>\n<p>&nbsp;<\/p>\n<p>TEXT<\/p>\n<p>&nbsp;<\/p>\n","protected":false},"excerpt":{"rendered":"<p>Desenvolvimento de projetos para espa\u00e7os p\u00fablicos na \u00e1rea do planeamento urbano &nbsp; TEXT &nbsp;<\/p>\n","protected":false},"author":3,"featured_media":1004,"parent":6,"menu_order":0,"comment_status":"closed","ping_status":"closed","template":"","meta":{"footnotes":""},"_links":{"self":[{"href":"https:\/\/laboratorio3p.web.ua.pt\/index.php\/wp-json\/wp\/v2\/pages\/752"}],"collection":[{"href":"https:\/\/laboratorio3p.web.ua.pt\/index.php\/wp-json\/wp\/v2\/pages"}],"about":[{"href":"https:\/\/laboratorio3p.web.ua.pt\/index.php\/wp-json\/wp\/v2\/types\/page"}],"author":[{"embeddable":true,"href":"https:\/\/laboratorio3p.web.ua.pt\/index.php\/wp-json\/wp\/v2\/users\/3"}],"replies":[{"embeddable":true,"href":"https:\/\/laboratorio3p.web.ua.pt\/index.php\/wp-json\/wp\/v2\/comments?post=752"}],"version-history":[{"count":2,"href":"https:\/\/laboratorio3p.web.ua.pt\/index.php\/wp-json\/wp\/v2\/pages\/752\/revisions"}],"predecessor-version":[{"id":1767,"href":"https:\/\/laboratorio3p.web.ua.pt\/index.php\/wp-json\/wp\/v2\/pages\/752\/revisions\/1767"}],"up":[{"embeddable":true,"href":"https:\/\/laboratorio3p.web.ua.pt\/index.php\/wp-json\/wp\/v2\/pages\/6"}],"wp:featuredmedia":[{"embeddable":true,"href":"https:\/\/laboratorio3p.web.ua.pt\/index.php\/wp-json\/wp\/v2\/media\/1004"}],"wp:attachment":[{"href":"https:\/\/laboratorio3p.web.ua.pt\/index.php\/wp-json\/wp\/v2\/media?parent=752"}],"curies":[{"name":"wp","href":"https:\/\/api.w.org\/{rel}","templated":true}]}}