{"id":94,"date":"2014-03-21T16:01:07","date_gmt":"2014-03-21T15:01:07","guid":{"rendered":"http:\/\/demo.themegrill.com\/spacious\/?page_id=94"},"modified":"2024-04-19T15:25:47","modified_gmt":"2024-04-19T14:25:47","slug":"nossosprojetos","status":"publish","type":"page","link":"https:\/\/laboratorio3p.web.ua.pt\/index.php\/projetos\/nossosprojetos","title":{"rendered":"Activos"},"content":{"rendered":"<ul>\n<li><a href=\"https:\/\/laboratorio3p.web.ua.pt\/index.php\/local4action-hub-valongo\">Local4action Hub Valongo<\/a><\/li>\n<li><a href=\"https:\/\/laboratorio3p.web.ua.pt\/index.php\/laboratorio-de-cidadania-pela-transicao-climatica-em-matosinhos\">Laborat\u00f3rio de Cidadania pela Transi\u00e7\u00e3o Clim\u00e1tica em Matosinhos<\/a><\/li>\n<li><a href=\"https:\/\/laboratorio3p.web.ua.pt\/index.php\/urban-imprint\">Urban Imprint<\/a><\/li>\n<li><a href=\"https:\/\/laboratorio3p.web.ua.pt\/index.php\/movida-do-porto\">MOVIDA do Porto<\/a><\/li>\n<li><a href=\"https:\/\/laboratorio3p.web.ua.pt\/index.php\/processo-participativo-para-o-plano-de-urbanizacao-de-evora\">Processo participativo para o Plano de Urbaniza\u00e7\u00e3o de \u00c9vora<\/a><\/li>\n<\/ul>\n","protected":false},"excerpt":{"rendered":"<p>Local4action Hub Valongo Laborat\u00f3rio de Cidadania pela Transi\u00e7\u00e3o Clim\u00e1tica em Matosinhos Urban Imprint MOVIDA do Porto Processo participativo para o Plano de Urbaniza\u00e7\u00e3o de \u00c9vora<\/p>\n","protected":false},"author":3,"featured_media":0,"parent":92,"menu_order":0,"comment_status":"open","ping_status":"closed","template":"","meta":{"footnotes":""},"_links":{"self":[{"href":"https:\/\/laboratorio3p.web.ua.pt\/index.php\/wp-json\/wp\/v2\/pages\/94"}],"collection":[{"href":"https:\/\/laboratorio3p.web.ua.pt\/index.php\/wp-json\/wp\/v2\/pages"}],"about":[{"href":"https:\/\/laboratorio3p.web.ua.pt\/index.php\/wp-json\/wp\/v2\/types\/page"}],"author":[{"embeddable":true,"href":"https:\/\/laboratorio3p.web.ua.pt\/index.php\/wp-json\/wp\/v2\/users\/3"}],"replies":[{"embeddable":true,"href":"https:\/\/laboratorio3p.web.ua.pt\/index.php\/wp-json\/wp\/v2\/comments?post=94"}],"version-history":[{"count":14,"href":"https:\/\/laboratorio3p.web.ua.pt\/index.php\/wp-json\/wp\/v2\/pages\/94\/revisions"}],"predecessor-version":[{"id":3601,"href":"https:\/\/laboratorio3p.web.ua.pt\/index.php\/wp-json\/wp\/v2\/pages\/94\/revisions\/3601"}],"up":[{"embeddable":true,"href":"https:\/\/laboratorio3p.web.ua.pt\/index.php\/wp-json\/wp\/v2\/pages\/92"}],"wp:attachment":[{"href":"https:\/\/laboratorio3p.web.ua.pt\/index.php\/wp-json\/wp\/v2\/media?parent=94"}],"curies":[{"name":"wp","href":"https:\/\/api.w.org\/{rel}","templated":true}]}}